{"id":5022,"date":"2022-01-31T18:54:23","date_gmt":"2022-01-31T17:54:23","guid":{"rendered":"https:\/\/lkpab.se\/our-services\/parkride-pendlarparkering-i-brunnshog\/"},"modified":"2026-03-03T10:30:16","modified_gmt":"2026-03-03T09:30:16","slug":"parkride-commuter-parking-in-brunnshog","status":"publish","type":"page","link":"https:\/\/lkpab.se\/en\/our-services\/parkride-commuter-parking-in-brunnshog\/","title":{"rendered":"Park&#038;Ride &#8211; Commuter Car Park in Brunnsh\u00f6g"},"content":{"rendered":"\n<div style=\"height:10px\" aria-hidden=\"true\" class=\"wp-block-spacer\"><\/div>\n\n\n\n<h6 class=\"wp-block-heading\"><strong><strong><em>Together with Sk\u00e5netrafiken, LKP offers a beneficial parking solution aimed at commuters who travel by car to Lund. You can easily find the commuter car park next to the E22 and then change to the tram to downtown Lund. All you need is a favorable combined parking and tram ticket, a so-called Park&amp;Ride ticket.<\/em><\/strong>&nbsp;<\/strong><\/h6>\n\n\n\n<div style=\"height:23px\" aria-hidden=\"true\" class=\"wp-block-spacer\"><\/div>\n\n\n\n<p>The Park&amp;Ride ticket comes with several benefits; you pay less for parking, contribute to less traffic in the city centre, and avoid the hassle of finding a parking space.&nbsp;<\/p>\n\n\n\n<div style=\"height:23px\" aria-hidden=\"true\" class=\"wp-block-spacer\"><\/div>\n\n\n\n<h3 class=\"wp-block-heading\">Price<\/h3>\n\n\n\n<div style=\"height:9px\" aria-hidden=\"true\" class=\"wp-block-spacer\"><\/div>\n\n\n\n<p>When you buy a combined Park&amp;Ride ticket you\u2019ll only pay 200 SEK\/month or 10 SEK\/day for the commuter parking permit which is 50 percent less than the ordinary rate.<\/p>\n\n\n\n<div style=\"height:27px\" aria-hidden=\"true\" class=\"wp-block-spacer\"><\/div>\n\n\n\n<h3 class=\"wp-block-heading\">How do I buy a Park&amp;Ride ticket?&nbsp;<\/h3>\n\n\n\n<div style=\"height:26px\" aria-hidden=\"true\" class=\"wp-block-spacer\"><\/div>\n\n\n\n<ol class=\"wp-block-list\">\n<li>Buy a monthly permit or a 24-hour ticket at Sk\u00e5netrafiken.\u00a0<\/li>\n\n\n\n<li>Go to the LKP website or our app \u201cLKP AB\u201d. Find the list of monthly parking permits, choose \u201cPendlarparkering Brunnsh\u00f6g Sk\u00e5netrafiken\u201d (commuter parking Brunnsh\u00f6g Sk\u00e5netrafiken) and pick either \u201cBrunnsh\u00f6g pendlarparkering m\u00e5nadsbiljett Sk\u00e5netrafiken\u201d for a monthly ticket or \u201cPendlarparkering Brunnsh\u00f6g Dygn\u201d for a one day ticket. Then click \u201cForts\u00e4tt\u201d (continue).<\/li>\n\n\n\n<li>Choose start date for your parking permit and enter the ticket ID of your Sk\u00e5netrafiken ticket. Confirm your purchase.\u00a0<\/li>\n\n\n\n<li>Voil\u00e0! Your Park&amp;Ride ticket is ready for use.\u00a0<\/li>\n\n\n\n<li>Just park your car in the commuter car park and hop on the tram to downtown Lund.<\/li>\n<\/ol>\n\n\n\n<div style=\"height:12px\" aria-hidden=\"true\" class=\"wp-block-spacer\"><\/div>\n\n\n\n<p><a href=\"https:\/\/www.skanetrafiken.se\/\" target=\"_blank\" rel=\"noreferrer noopener\">Go to the travel planner at Sk\u00e5netrafiken<\/a> to get more information about tram departure times. The tram station at the commuter car park is called \u201cBrunnsh\u00f6gstorget\u201d.&nbsp;<\/p>\n\n\n\n<div style=\"height:27px\" aria-hidden=\"true\" class=\"wp-block-spacer\"><\/div>\n\n\n\n<h3 class=\"wp-block-heading\">Directions<\/h3>\n\n\n\n<div style=\"height:9px\" aria-hidden=\"true\" class=\"wp-block-spacer\"><\/div>\n\n\n\n<p>The commuter car park is located in an area that is not yet fully developed; hence no defined address. You\u2019ll find the commuter car park next to the tram station Brunnsh\u00f6gstorget close to the Brunnsh\u00f6g parking garage. See below for directions from Solbjersv\u00e4gen.&nbsp;<\/p>\n\n\n\n<p>From Solbjersv\u00e4gen at Brunnsh\u00f6g, exit the roundabout by taking the Odarsl\u00f6vsv\u00e4gen (follow signs to \u00d6 Odarsl\u00f6v\/Brunnsh\u00f6g N\/MAX IV\/ESS) and follow the road until you see a parking and tram sign on your right-hand side. Turn right after the sign onto a straight, paved road leading to the commuter car park.&nbsp;&nbsp;<\/p>\n\n\n\n<div style=\"height:25px\" aria-hidden=\"true\" class=\"wp-block-spacer\"><\/div>\n","protected":false},"excerpt":{"rendered":"<p>Together with Sk\u00e5netrafiken, LKP offers a beneficial parking solution aimed at commuters&#8230;<\/p>\n","protected":false},"author":9,"featured_media":4898,"parent":4914,"menu_order":0,"comment_status":"closed","ping_status":"closed","template":"page-templates\/innehalls-page.php","meta":{"_acf_changed":false,"footnotes":""},"class_list":["post-5022","page","type-page","status-publish","has-post-thumbnail","hentry"],"acf":[],"featured_image_urls_v2":{"full":["https:\/\/lkpab.se\/wp-content\/uploads\/2022\/01\/Foto-2021-08-04-12-31-30-scaled.jpg",2560,1920,false],"thumbnail":["https:\/\/lkpab.se\/wp-content\/uploads\/2022\/01\/Foto-2021-08-04-12-31-30-150x150.jpg",150,150,true],"medium":["https:\/\/lkpab.se\/wp-content\/uploads\/2022\/01\/Foto-2021-08-04-12-31-30-300x225.jpg",300,225,true],"medium_large":["https:\/\/lkpab.se\/wp-content\/uploads\/2022\/01\/Foto-2021-08-04-12-31-30-768x576.jpg",640,480,true],"large":["https:\/\/lkpab.se\/wp-content\/uploads\/2022\/01\/Foto-2021-08-04-12-31-30-1200x900.jpg",640,480,true],"1536x1536":["https:\/\/lkpab.se\/wp-content\/uploads\/2022\/01\/Foto-2021-08-04-12-31-30-1536x1152.jpg",1536,1152,true],"2048x2048":["https:\/\/lkpab.se\/wp-content\/uploads\/2022\/01\/Foto-2021-08-04-12-31-30-2048x1536.jpg",2048,1536,true]},"post_excerpt_stackable_v2":"<p>Together with Sk\u00e5netrafiken, LKP offers a beneficial parking solution aimed at commuters who travel by car to Lund. You can easily find the commuter car park next to the E22 and then change to the tram to downtown Lund. All you need is a favorable combined parking and tram ticket, a so-called Park&amp;Ride ticket.&nbsp; The Park&amp;Ride ticket comes with several benefits; you pay less for parking, contribute to less traffic in the city centre, and avoid the hassle of finding a parking space.&nbsp; Price When you buy a combined Park&amp;Ride ticket you\u2019ll only pay 200 SEK\/month or 10 SEK\/day for&hellip;<\/p>\n","category_list_v2":"","author_info_v2":{"name":"Kommunikation","url":"https:\/\/lkpab.se\/en\/author\/lindblom\/"},"comments_num_v2":"0 comments","publishpress_future_action":{"enabled":false,"date":"2026-04-23 04:40:55","action":"change-status","newStatus":"draft","terms":[],"taxonomy":"translation_priority","extraData":[]},"publishpress_future_workflow_manual_trigger":{"enabledWorkflows":[]},"_links":{"self":[{"href":"https:\/\/lkpab.se\/en\/wp-json\/wp\/v2\/pages\/5022","targetHints":{"allow":["GET"]}}],"collection":[{"href":"https:\/\/lkpab.se\/en\/wp-json\/wp\/v2\/pages"}],"about":[{"href":"https:\/\/lkpab.se\/en\/wp-json\/wp\/v2\/types\/page"}],"author":[{"embeddable":true,"href":"https:\/\/lkpab.se\/en\/wp-json\/wp\/v2\/users\/9"}],"replies":[{"embeddable":true,"href":"https:\/\/lkpab.se\/en\/wp-json\/wp\/v2\/comments?post=5022"}],"version-history":[{"count":4,"href":"https:\/\/lkpab.se\/en\/wp-json\/wp\/v2\/pages\/5022\/revisions"}],"predecessor-version":[{"id":9742,"href":"https:\/\/lkpab.se\/en\/wp-json\/wp\/v2\/pages\/5022\/revisions\/9742"}],"up":[{"embeddable":true,"href":"https:\/\/lkpab.se\/en\/wp-json\/wp\/v2\/pages\/4914"}],"wp:featuredmedia":[{"embeddable":true,"href":"https:\/\/lkpab.se\/en\/wp-json\/wp\/v2\/media\/4898"}],"wp:attachment":[{"href":"https:\/\/lkpab.se\/en\/wp-json\/wp\/v2\/media?parent=5022"}],"curies":[{"name":"wp","href":"https:\/\/api.w.org\/{rel}","templated":true}]}}