{"id":5203,"date":"2022-04-20T14:18:01","date_gmt":"2022-04-20T12:18:01","guid":{"rendered":"https:\/\/lkpab.se\/?page_id=5203"},"modified":"2022-10-13T14:00:30","modified_gmt":"2022-10-13T12:00:30","slug":"mobility-services","status":"publish","type":"page","link":"https:\/\/lkpab.se\/en\/our-services\/mobility-services\/","title":{"rendered":"Our Mobility Services"},"content":{"rendered":"\n<div style=\"height:27px\" aria-hidden=\"true\" class=\"wp-block-spacer\"><\/div>\n\n\n\n<h6 class=\"wp-block-heading\">Hera at LKP we strive to make parking climate-smart, convenient and close by for the citizens of Lund municipality. That&#8217;s why we&#8217;re working on developing the concept of mobility houses to be just that. <br>We want to offer parking in combination with convenient, easily accessible services to facilitate every day life for our customers. Here you can get familiar with the different services we offer at out mobility houses. <\/h6>\n\n\n\n<div style=\"height:23px\" aria-hidden=\"true\" class=\"wp-block-spacer\"><\/div>\n\n\n\n<h2 class=\"wp-block-heading\">Mobility Services&nbsp;<\/h2>\n\n\n\n<div style=\"height:9px\" aria-hidden=\"true\" class=\"wp-block-spacer\"><\/div>\n\n\n\n<h4 class=\"wp-block-heading\">Charging stations for electric- and hybrid cars<\/h4>\n\n\n\n<p>We offer car charging for electric- and hybrid cars. For the time being you pay only for your parking and the charging in on us! <br>At Svane you will also find a fast charging station with two spots available. <\/p>\n\n\n\n<p>See more information about our charging stations on our page: <a href=\"https:\/\/lkpab.se\/en\/electric-car-charing\/\" data-type=\"URL\" data-id=\"https:\/\/lkpab.se\/en\/electric-car-charing\/\">Electric car &amp; charging<\/a><\/p>\n\n\n\n<p><strong>Facilities:<\/strong><br>Arena Park<br>Aurora<br>Dammg\u00e5rden<br>Fj\u00e4rilen<br>P-huset Delta<br>F\u00e4rgaren<br>Lund C<br>Svane<\/p>\n\n\n\n<hr class=\"wp-block-separator has-css-opacity is-style-wide\"\/>\n\n\n\n<div style=\"height:23px\" aria-hidden=\"true\" class=\"wp-block-spacer\"><\/div>\n\n\n\n<h4 class=\"wp-block-heading\">Solar Cell Panels<\/h4>\n\n\n\n<div style=\"height:9px\" aria-hidden=\"true\" class=\"wp-block-spacer\"><\/div>\n\n\n\n<p>The facilities collect the energy for the charging stations from our solar cell panels on the roof. Simply a climate-smart choice!<\/p>\n\n\n\n<p><strong>Facilities:<\/strong><br>Arena Park<br>Aurora<br>Dammg\u00e5rden<br>Svane<\/p>\n\n\n\n<hr class=\"wp-block-separator has-css-opacity is-style-wide\"\/>\n\n\n\n<div style=\"height:10px\" aria-hidden=\"true\" class=\"wp-block-spacer\"><\/div>\n\n\n\n<div style=\"height:23px\" aria-hidden=\"true\" class=\"wp-block-spacer\"><\/div>\n\n\n\n<h4 class=\"wp-block-heading\">Collect Your Parcel<\/h4>\n\n\n\n<div style=\"height:9px\" aria-hidden=\"true\" class=\"wp-block-spacer\"><\/div>\n\n\n\n<p>Collect your online orders from Post Nords parcel lockers. <\/p>\n\n\n\n<p>Collect your parcel by using PostNords app and confirm your identity through Mobile Bank-ID. Activate bluetooth in your cellphone, stand close to the parcel locker and click &#8220;\u00d6ppna luckan&#8221; (&#8220;Open hatch&#8221;) in the PostNord app. <br><br>For more information on how it works, use the link: <a href=\"https:\/\/www.postnord.se\/en\/receiving\/collect\/collectin-parcels-from-parcel-lockers\" data-type=\"URL\" data-id=\"https:\/\/www.postnord.se\/en\/receiving\/collect\/collectin-parcels-from-parcel-lockers\">Collect parcel from PostNord<\/a><\/p>\n\n\n\n<p><strong>Facilities:<\/strong><br>F\u00e4rgaren<br>Lund C<\/p>\n\n\n\n<hr class=\"wp-block-separator has-css-opacity is-style-wide\"\/>\n\n\n\n<div style=\"height:27px\" aria-hidden=\"true\" class=\"wp-block-spacer\"><\/div>\n\n\n\n<h4 class=\"wp-block-heading\">Locked Section<\/h4>\n\n\n\n<div style=\"height:9px\" aria-hidden=\"true\" class=\"wp-block-spacer\"><\/div>\n\n\n\n<p>Designated parking spots are offered in the locked sections. Only customers who are renting a designated parking spot at the facility have access to these areas.<br>Are you interested in renting a designated parking spot? Click on the link <a href=\"https:\/\/lkpab.se\/en\/rent-a-parking-space\/designated-parking-spot\/\" data-type=\"URL\" data-id=\"https:\/\/lkpab.se\/en\/rent-a-parking-space\/designated-parking-spot\/\">Designated parking spot<\/a> for more information. <\/p>\n\n\n\n<p><strong>Facilities:<\/strong><br>F\u00e4rgaren<br>Lund C<br>Svane<br>Dammg\u00e5rden<br>P-huset Delta<\/p>\n\n\n\n<hr class=\"wp-block-separator has-css-opacity is-style-wide\"\/>\n\n\n\n<div style=\"height:10px\" aria-hidden=\"true\" class=\"wp-block-spacer\"><\/div>\n\n\n\n<h4 class=\"wp-block-heading\">Digital Keys<\/h4>\n\n\n\n<p>For the locked sections we offer a digital key in the form of an app. <br>You simply click to unlock the gate and won&#8217;t have to bother keeping track of physical key tags. <\/p>\n\n\n\n<p><strong>Facilities:<\/strong><\/p>\n\n\n\n<p>Arena Park<br>Aurora<br>Brunnsh\u00f6g<br>Dammg\u00e5rden<br>Fj\u00e4rilen<br>P-huset Delta (endast s\u00e4kerhetsgaraget)<br>F\u00e4rgaren<br>Lund C<br>Svane<\/p>\n\n\n\n<hr class=\"wp-block-separator has-css-opacity is-style-wide\"\/>\n\n\n\n<div style=\"height:25px\" aria-hidden=\"true\" class=\"wp-block-spacer\"><\/div>\n\n\n\n<h4 class=\"wp-block-heading\">Grocery Store<\/h4>\n\n\n\n<p>You will find a grocery store in, or in connection to, the facility. <\/p>\n\n\n\n<p><strong>Facilities:<\/strong><br>Aurora<\/p>\n\n\n\n<hr class=\"wp-block-separator has-css-opacity is-style-wide\"\/>\n\n\n\n<div style=\"height:25px\" aria-hidden=\"true\" class=\"wp-block-spacer\"><\/div>\n\n\n\n<h4 class=\"wp-block-heading\">Car Service Station<\/h4>\n\n\n\n<p>Car wash, changing tires and other services are offered at the facility.<br>For more information on what services are provided, click the link: <a href=\"https:\/\/www.stationensbilvardab.se\/\" data-type=\"URL\" data-id=\"https:\/\/www.stationensbilvardab.se\/\">Stationens Bilv\u00e5rd in Lund (Swedish website)<\/a><\/p>\n\n\n\n<p><strong>Facilities:<\/strong><br>Aurora<br>Lund C<\/p>\n\n\n\n<hr class=\"wp-block-separator has-css-opacity is-style-wide\"\/>\n\n\n\n<div style=\"height:25px\" aria-hidden=\"true\" class=\"wp-block-spacer\"><\/div>\n\n\n\n<h4 class=\"wp-block-heading\">Bicycle Parking<\/h4>\n\n\n\n<p>A locked section for bicycle parking can be found in connection to the facility.<\/p>\n\n\n\n<p><strong>Facilities:<\/strong><br>Lund C<\/p>\n\n\n\n<hr class=\"wp-block-separator has-css-opacity is-style-wide\"\/>\n\n\n\n<div style=\"height:25px\" aria-hidden=\"true\" class=\"wp-block-spacer\"><\/div>\n\n\n\n<h4 class=\"wp-block-heading\">Rental Cars<\/h4>\n\n\n\n<p>At the entrance level in connection to the train station buildning, you will find an automated service station where you can rent a car from Hertz. <br>For more information, vistit Hertz&#8217;s website: <a href=\"https:\/\/www.hertz.se\/rentacar\/reservation\/?gclid=CjwKCAjwjtOTBhAvEiwASG4bCDbljdrhb677mn31RsfnOhB1HfgODh_BDkgJwutZG46U-Ad1kCxFzxoCL54QAvD_BwE&amp;gclsrc=aw.ds\">Hertz rental cars<\/a><\/p>\n\n\n\n<p><strong>Facilities:<br><\/strong>Lund C<\/p>\n\n\n\n<hr class=\"wp-block-separator has-css-opacity is-style-wide\"\/>\n\n\n\n<div style=\"height:25px\" aria-hidden=\"true\" class=\"wp-block-spacer\"><\/div>\n\n\n\n<h4 class=\"wp-block-heading\">Tram Transfer<\/h4>\n\n\n\n<p>Transfer to the tram between Lund C and ESS\/Max IV is easily accessible in close proximity of the mobility house. <\/p>\n\n\n\n<p>Facilities:<br>Lund C (Tram stop: Lund C)<br>Aurora (Tram stop: Solbjer)<br><br>as well as<br><br>The commuter car park at Brunnsh\u00f6g (Tram stop: Brunnsh\u00f6gstorget)<\/p>\n\n\n\n<hr class=\"wp-block-separator has-css-opacity is-style-wide\"\/>\n\n\n\n<div style=\"height:25px\" aria-hidden=\"true\" class=\"wp-block-spacer\"><\/div>\n\n\n\n<h4 class=\"wp-block-heading\">Train Transfer<\/h4>\n\n\n\n<p>Transfer to the train station platforms at Lund C within approx. 1-2 minutes walking distance.<\/p>\n\n\n\n<p><strong>Facilities:<\/strong><br>Lund C<\/p>\n\n\n\n<hr class=\"wp-block-separator has-css-opacity is-style-wide\"\/>\n\n\n\n<div style=\"height:25px\" aria-hidden=\"true\" class=\"wp-block-spacer\"><\/div>\n\n\n\n<h4 class=\"wp-block-heading\">Taxi Service<\/h4>\n\n\n\n<p>Taxi zone available in close proximity of the mobility house. It is located at the front of the train station building, next to the main entrance. Approx. 2-3 minutes walking distance.<\/p>\n\n\n\n<p><strong>Facilities:<\/strong><br>Lund C<\/p>\n\n\n\n<hr class=\"wp-block-separator has-css-opacity is-style-wide\"\/>\n\n\n\n<p><\/p>\n","protected":false},"excerpt":{"rendered":"<p>Hera at LKP we strive to make parking climate-smart, convenient and close&#8230;<\/p>\n","protected":false},"author":9,"featured_media":4844,"parent":4914,"menu_order":0,"comment_status":"closed","ping_status":"closed","template":"page-templates\/innehalls-page.php","meta":{"_acf_changed":false,"footnotes":""},"class_list":["post-5203","page","type-page","status-publish","has-post-thumbnail","hentry"],"acf":[],"featured_image_urls_v2":{"full":["https:\/\/lkpab.se\/wp-content\/uploads\/2020\/11\/Lund_Medicon_vy_v\u00e4ster_kv\u00e4ll_002-scaled.jpg",2560,2233,false],"thumbnail":["https:\/\/lkpab.se\/wp-content\/uploads\/2020\/11\/Lund_Medicon_vy_v\u00e4ster_kv\u00e4ll_002-150x150.jpg",150,150,true],"medium":["https:\/\/lkpab.se\/wp-content\/uploads\/2020\/11\/Lund_Medicon_vy_v\u00e4ster_kv\u00e4ll_002-300x262.jpg",300,262,true],"medium_large":["https:\/\/lkpab.se\/wp-content\/uploads\/2020\/11\/Lund_Medicon_vy_v\u00e4ster_kv\u00e4ll_002-768x670.jpg",640,558,true],"large":["https:\/\/lkpab.se\/wp-content\/uploads\/2020\/11\/Lund_Medicon_vy_v\u00e4ster_kv\u00e4ll_002-1174x1024.jpg",640,558,true],"1536x1536":["https:\/\/lkpab.se\/wp-content\/uploads\/2020\/11\/Lund_Medicon_vy_v\u00e4ster_kv\u00e4ll_002-1536x1340.jpg",1536,1340,true],"2048x2048":["https:\/\/lkpab.se\/wp-content\/uploads\/2020\/11\/Lund_Medicon_vy_v\u00e4ster_kv\u00e4ll_002-2048x1787.jpg",2048,1787,true]},"post_excerpt_stackable_v2":"<p>Hera at LKP we strive to make parking climate-smart, convenient and close by for the citizens of Lund municipality. That&#8217;s why we&#8217;re working on developing the concept of mobility houses to be just that. We want to offer parking in combination with convenient, easily accessible services to facilitate every day life for our customers. Here you can get familiar with the different services we offer at out mobility houses. Mobility Services&nbsp; Charging stations for electric- and hybrid cars We offer car charging for electric- and hybrid cars. For the time being you pay only for your parking and the charging&hellip;<\/p>\n","category_list_v2":"","author_info_v2":{"name":"Kommunikation","url":"https:\/\/lkpab.se\/en\/author\/lindblom\/"},"comments_num_v2":"0 comments","publishpress_future_action":{"enabled":false,"date":"2026-04-20 02:38:03","action":"change-status","newStatus":"draft","terms":[],"taxonomy":"translation_priority","extraData":[]},"publishpress_future_workflow_manual_trigger":{"enabledWorkflows":[]},"_links":{"self":[{"href":"https:\/\/lkpab.se\/en\/wp-json\/wp\/v2\/pages\/5203","targetHints":{"allow":["GET"]}}],"collection":[{"href":"https:\/\/lkpab.se\/en\/wp-json\/wp\/v2\/pages"}],"about":[{"href":"https:\/\/lkpab.se\/en\/wp-json\/wp\/v2\/types\/page"}],"author":[{"embeddable":true,"href":"https:\/\/lkpab.se\/en\/wp-json\/wp\/v2\/users\/9"}],"replies":[{"embeddable":true,"href":"https:\/\/lkpab.se\/en\/wp-json\/wp\/v2\/comments?post=5203"}],"version-history":[{"count":5,"href":"https:\/\/lkpab.se\/en\/wp-json\/wp\/v2\/pages\/5203\/revisions"}],"predecessor-version":[{"id":6002,"href":"https:\/\/lkpab.se\/en\/wp-json\/wp\/v2\/pages\/5203\/revisions\/6002"}],"up":[{"embeddable":true,"href":"https:\/\/lkpab.se\/en\/wp-json\/wp\/v2\/pages\/4914"}],"wp:featuredmedia":[{"embeddable":true,"href":"https:\/\/lkpab.se\/en\/wp-json\/wp\/v2\/media\/4844"}],"wp:attachment":[{"href":"https:\/\/lkpab.se\/en\/wp-json\/wp\/v2\/media?parent=5203"}],"curies":[{"name":"wp","href":"https:\/\/api.w.org\/{rel}","templated":true}]}}